{"id":1208,"date":"2025-06-07T21:51:55","date_gmt":"2025-06-07T21:51:55","guid":{"rendered":"https:\/\/clubrotariovictoriadeescandon.com\/?page_id=1208"},"modified":"2025-06-07T22:13:53","modified_gmt":"2025-06-07T22:13:53","slug":"involucrate","status":"publish","type":"page","link":"https:\/\/clubrotariovictoriadeescandon.com\/index.php\/involucrate\/","title":{"rendered":"Involucrate"},"content":{"rendered":"\n<p class=\"has-large-font-size\">\u00danete a los m\u00e1s de 1,2 millones de vecinos, amigos, l\u00edderes y solucionadores de problemas de Rotary los cuales ven un planeta en que las personas se unen y toman acci\u00f3n para generar un cambio perdurable en el mundo, sus comunidades y en s\u00ed mismos.<\/p>\n\n\n\n<p><\/p>\n","protected":false},"excerpt":{"rendered":"<p>\u00danete a los m\u00e1s de 1,2 millones de vecinos, amigos, l\u00edderes y solucionadores de problemas de Rotary los cuales ven un planeta en que las personas se unen y toman acci\u00f3n para generar un cambio perdurable en el mundo, sus comunidades y en s\u00ed mismos.<\/p>\n","protected":false},"author":1,"featured_media":0,"parent":0,"menu_order":0,"comment_status":"closed","ping_status":"closed","template":"","meta":{"footnotes":""},"class_list":["post-1208","page","type-page","status-publish","hentry"],"_links":{"self":[{"href":"https:\/\/clubrotariovictoriadeescandon.com\/index.php\/wp-json\/wp\/v2\/pages\/1208","targetHints":{"allow":["GET"]}}],"collection":[{"href":"https:\/\/clubrotariovictoriadeescandon.com\/index.php\/wp-json\/wp\/v2\/pages"}],"about":[{"href":"https:\/\/clubrotariovictoriadeescandon.com\/index.php\/wp-json\/wp\/v2\/types\/page"}],"author":[{"embeddable":true,"href":"https:\/\/clubrotariovictoriadeescandon.com\/index.php\/wp-json\/wp\/v2\/users\/1"}],"replies":[{"embeddable":true,"href":"https:\/\/clubrotariovictoriadeescandon.com\/index.php\/wp-json\/wp\/v2\/comments?post=1208"}],"version-history":[{"count":3,"href":"https:\/\/clubrotariovictoriadeescandon.com\/index.php\/wp-json\/wp\/v2\/pages\/1208\/revisions"}],"predecessor-version":[{"id":1226,"href":"https:\/\/clubrotariovictoriadeescandon.com\/index.php\/wp-json\/wp\/v2\/pages\/1208\/revisions\/1226"}],"wp:attachment":[{"href":"https:\/\/clubrotariovictoriadeescandon.com\/index.php\/wp-json\/wp\/v2\/media?parent=1208"}],"curies":[{"name":"wp","href":"https:\/\/api.w.org\/{rel}","templated":true}]}}